{"id":24,"date":"2025-12-10T17:32:07","date_gmt":"2025-12-10T17:32:07","guid":{"rendered":"https:\/\/aticoconsultoria.com\/?page_id=24"},"modified":"2025-12-19T14:35:48","modified_gmt":"2025-12-19T14:35:48","slug":"inicio","status":"publish","type":"page","link":"https:\/\/aticoconsultoria.com\/en\/","title":{"rendered":"Home"},"content":{"rendered":"<div class=\"et_pb_section_0 et_pb_section et_section_regular et_block_section\">\n<div class=\"et_pb_row_0 et_pb_row et_pb_gutters3 et_block_row\">\n<div class=\"et_pb_column_0 et_pb_column et_pb_column_4_4 et-last-child et_block_column et_pb_css_mix_blend_mode_passthrough\">\n<div class=\"et_pb_text_0 et_pb_text et_pb_bg_layout_light et_pb_module et_block_module preset--module--divi-text--c16985e1-e0d6-4022-964d-e2bfc04fa633\"><div class=\"et_pb_text_inner\"><h1>Atico Engineering Consulting<\/h1>\n<\/div><\/div>\n\n<div class=\"et_pb_text_1 et_pb_text et_pb_bg_layout_light et_pb_module et_block_module preset--module--divi-text--518880c8-46c7-4ffa-b5a6-93ffa99dcc17\"><div class=\"et_pb_text_inner\"><p>At \u00c1tico Consultor\u00eda de Ingenier\u00eda we deploy a technical portfolio oriented to maximize the solvency, efficiency and traceability of any construction project.<\/p>\n<\/div><\/div>\n\n<div class=\"et_pb_module et_pb_button_module_wrapper et_pb_button_0_wrapper preset--module--divi-button--31b4f027-aaa0-4f2f-ae02-959764e19e4f_wrapper\"><a class=\"et_pb_button_0 et_pb_button et_pb_bg_layout_light et_pb_module et_block_module preset--module--divi-button--31b4f027-aaa0-4f2f-ae02-959764e19e4f\" href=\"\/en\/sobre-nosotros\/\">More about us<\/a><\/div>\n<\/div>\n<\/div>\n<\/div>\n\n<div class=\"et_pb_section_1 et_pb_section et_section_regular et_block_section\">\n<div class=\"et_pb_row_1 et_pb_row et_pb_gutters3 et_grid_row\">\n<div class=\"et_pb_column_1 et_pb_column et_flex_column et_pb_css_mix_blend_mode_passthrough\">\n<div class=\"et_pb_blurb_0 et_pb_blurb et_pb_bg_layout_light et_pb_text_align_left et_pb_blurb_position_left et_animated et_pb_module et_flex_module\"><div class=\"et_pb_blurb_content et_flex_module\"><div class=\"et_pb_main_blurb_image\"><span class=\"et_pb_image_wrap et_pb_only_image_mode_wrap\"><img loading=\"lazy\" decoding=\"async\" src=\"https:\/\/aticoconsultoria.com\/wp-content\/uploads\/2025\/12\/consultora-icono.webp\" width=\"31\" height=\"35\" sizes=\"(max-width: 31px) 100vw, 31px\" class=\"et-waypoint et_pb_animation_top et_pb_animation_top_tablet et_pb_animation_top_phone wp-image-64\" title=\"consultant-icono\" \/><\/span><\/div><div class=\"et_pb_blurb_container\"><h2 class=\"et_pb_module_header\">Building Energy Consulting<\/h2><div class=\"et_pb_blurb_description\"><p data-start=\"179\" data-end=\"362\">We develop new construction energy certifications and advanced efficiency studies, guaranteeing regulatory compliance and optimization of the building's energy performance.<\/p>\n<\/div><\/div><\/div><\/div>\n<\/div>\n\n<div class=\"et_pb_column_2 et_pb_column et_flex_column et_pb_css_mix_blend_mode_passthrough\">\n<div class=\"et_pb_blurb_1 et_pb_blurb et_pb_bg_layout_light et_pb_text_align_left et_pb_blurb_position_left et_animated et_pb_module et_flex_module\"><div class=\"et_pb_blurb_content et_flex_module\"><div class=\"et_pb_main_blurb_image\"><span class=\"et_pb_image_wrap et_pb_only_image_mode_wrap\"><img loading=\"lazy\" decoding=\"async\" src=\"https:\/\/aticoconsultoria.com\/wp-content\/uploads\/2025\/12\/calculo-icono.webp\" width=\"41\" height=\"41\" sizes=\"(max-width: 41px) 100vw, 41px\" class=\"et-waypoint et_pb_animation_top et_pb_animation_top_tablet et_pb_animation_top_phone wp-image-63\" title=\"calculo-icono\" \/><\/span><\/div><div class=\"et_pb_blurb_container\"><h2 class=\"et_pb_module_header\">Structural Calculation<\/h2><div class=\"et_pb_blurb_description\"><p data-start=\"179\" data-end=\"362\">We perform modeling and dimensioning of concrete and steel structures with criteria of technical accuracy, safety and compliance with the current regulatory framework.<\/p>\n<\/div><\/div><\/div><\/div>\n<\/div>\n\n<div class=\"et_pb_column_3 et_pb_column et_flex_column et_pb_css_mix_blend_mode_passthrough\">\n<div class=\"et_pb_blurb_2 et_pb_blurb et_pb_bg_layout_light et_pb_text_align_left et_pb_blurb_position_left et_animated et_pb_module et_flex_module\"><div class=\"et_pb_blurb_content et_flex_module\"><div class=\"et_pb_main_blurb_image\"><span class=\"et_pb_image_wrap et_pb_only_image_mode_wrap\"><img loading=\"lazy\" decoding=\"async\" src=\"https:\/\/aticoconsultoria.com\/wp-content\/uploads\/2025\/12\/cte-icono-azul.webp\" width=\"392\" height=\"392\" srcset=\"https:\/\/aticoconsultoria.com\/wp-content\/uploads\/2025\/12\/cte-icono-azul.webp 392w, https:\/\/aticoconsultoria.com\/wp-content\/uploads\/2025\/12\/cte-icono-azul-300x300.webp 300w, https:\/\/aticoconsultoria.com\/wp-content\/uploads\/2025\/12\/cte-icono-azul-150x150.webp 150w\" sizes=\"(max-width: 392px) 100vw, 392px\" class=\"et-waypoint et_pb_animation_top et_pb_animation_top_tablet et_pb_animation_top_phone wp-image-65\" title=\"cte-icono-blue\" \/><\/span><\/div><div class=\"et_pb_blurb_container\"><h3 class=\"et_pb_module_header\">Drafting of CTE Memories<\/h3><div class=\"et_pb_blurb_description\"><p data-start=\"603\" data-end=\"772\">We elaborate complete and justifying reports of the Technical Building Code, aligned with the requirements of the project and the needs of the project management.<\/p>\n<\/div><\/div><\/div><\/div>\n<\/div>\n\n<div class=\"et_pb_column_4 et_pb_column et_flex_column et_pb_css_mix_blend_mode_passthrough\">\n<div class=\"et_pb_blurb_3 et_pb_blurb et_pb_bg_layout_light et_pb_text_align_left et_pb_blurb_position_left et_animated et_pb_module et_flex_module\"><div class=\"et_pb_blurb_content et_flex_module\"><div class=\"et_pb_main_blurb_image\"><span class=\"et_pb_image_wrap et_pb_only_image_mode_wrap\"><img loading=\"lazy\" decoding=\"async\" src=\"https:\/\/aticoconsultoria.com\/wp-content\/uploads\/2025\/12\/cte-icono-azul-informe-mod.webp\" width=\"362\" height=\"314\" srcset=\"https:\/\/aticoconsultoria.com\/wp-content\/uploads\/2025\/12\/cte-icono-azul-informe-mod.webp 362w, https:\/\/aticoconsultoria.com\/wp-content\/uploads\/2025\/12\/cte-icono-azul-informe-mod-300x260.webp 300w\" sizes=\"(max-width: 362px) 100vw, 362px\" class=\"et-waypoint et_pb_animation_top et_pb_animation_top_tablet et_pb_animation_top_phone wp-image-67\" title=\"cte-icono-blue-blue-report-mod\" \/><\/span><\/div><div class=\"et_pb_blurb_container\"><h3 class=\"et_pb_module_header\">CTE Expert Reports<\/h3><div class=\"et_pb_blurb_description\"><p data-start=\"814\" data-end=\"970\">We issue specialized technical reports for the analysis of pathologies, discrepancies and regulatory compliance, providing traceability and documentary rigor.<\/p>\n<\/div><\/div><\/div><\/div>\n<\/div>\n\n<div class=\"et_pb_column_5 et_pb_column et_flex_column et_pb_css_mix_blend_mode_passthrough\">\n<div class=\"et_pb_blurb_4 et_pb_blurb et_pb_bg_layout_light et_pb_text_align_left et_pb_blurb_position_left et_animated et_pb_module et_flex_module\"><div class=\"et_pb_blurb_content et_flex_module\"><div class=\"et_pb_main_blurb_image\"><span class=\"et_pb_image_wrap et_pb_only_image_mode_wrap\"><img loading=\"lazy\" decoding=\"async\" src=\"https:\/\/aticoconsultoria.com\/wp-content\/uploads\/2025\/12\/icono-azul-asistencia-organismos-de-control-tecnico.webp\" width=\"338\" height=\"335\" srcset=\"https:\/\/aticoconsultoria.com\/wp-content\/uploads\/2025\/12\/icono-azul-asistencia-organismos-de-control-tecnico.webp 338w, https:\/\/aticoconsultoria.com\/wp-content\/uploads\/2025\/12\/icono-azul-asistencia-organismos-de-control-tecnico-300x297.webp 300w, https:\/\/aticoconsultoria.com\/wp-content\/uploads\/2025\/12\/icono-azul-asistencia-organismos-de-control-tecnico-150x150.webp 150w\" sizes=\"(max-width: 338px) 100vw, 338px\" class=\"et-waypoint et_pb_animation_top et_pb_animation_top_tablet et_pb_animation_top_phone wp-image-68\" title=\"icon-blue-assistance-technical-control-organisms\" \/><\/span><\/div><div class=\"et_pb_blurb_container\"><h3 class=\"et_pb_module_header\">Assistance to Technical Control Bodies<\/h3><div class=\"et_pb_blurb_description\"><p data-start=\"1027\" data-end=\"1176\">We provide technical support in verification and control processes, facilitating document review and validation of construction solutions.<\/p>\n<\/div><\/div><\/div><\/div>\n<\/div>\n\n<div class=\"et_pb_column_6 et_pb_column et-last-child et_flex_column et_pb_css_mix_blend_mode_passthrough\">\n<div class=\"et_pb_blurb_5 et_pb_blurb et_pb_bg_layout_light et_pb_text_align_left et_pb_blurb_position_left et_animated et_pb_module et_flex_module\"><div class=\"et_pb_blurb_content et_flex_module\"><div class=\"et_pb_main_blurb_image\"><span class=\"et_pb_image_wrap et_pb_only_image_mode_wrap\"><img loading=\"lazy\" decoding=\"async\" src=\"https:\/\/aticoconsultoria.com\/wp-content\/uploads\/2025\/12\/gestion-tecnica-para-seguro-decenal.webp\" width=\"347\" height=\"347\" srcset=\"https:\/\/aticoconsultoria.com\/wp-content\/uploads\/2025\/12\/gestion-tecnica-para-seguro-decenal.webp 347w, https:\/\/aticoconsultoria.com\/wp-content\/uploads\/2025\/12\/gestion-tecnica-para-seguro-decenal-300x300.webp 300w, https:\/\/aticoconsultoria.com\/wp-content\/uploads\/2025\/12\/gestion-tecnica-para-seguro-decenal-150x150.webp 150w\" sizes=\"(max-width: 347px) 100vw, 347px\" class=\"et-waypoint et_pb_animation_top et_pb_animation_top_tablet et_pb_animation_top_phone wp-image-69\" title=\"gestion-tecnica-para-seguro-decenal\" \/><\/span><\/div><div class=\"et_pb_blurb_container\"><h3 class=\"et_pb_module_header\">Technical Management for Decennial Insurance<\/h3><div class=\"et_pb_blurb_description\"><p data-start=\"1226\" data-end=\"1400\">We accompany the technical process required by the insurance companies to obtain the ten-year insurance, ensuring a robust documentation in accordance with the required standards.<\/p>\n<\/div><\/div><\/div><\/div>\n<\/div>\n<\/div>\n<\/div>\n\n<div class=\"et_pb_section_2 et_pb_section et_section_regular et_block_section\">\n<div class=\"et_pb_row_2 et_pb_row et_pb_gutters3 et_block_row\">\n<div class=\"et_pb_column_7 et_pb_column et_pb_column_4_4 et-last-child et_block_column et_pb_css_mix_blend_mode_passthrough\">\n<div class=\"et_pb_row_3 et_pb_row et_pb_gutters3 et_pb_row_nested et_block_row\">\n<div class=\"et_pb_column_8 et_pb_column et_pb_column_1_2 et_block_column et_pb_css_mix_blend_mode_passthrough\">\n<div class=\"et_pb_text_2 et_pb_text et_pb_bg_layout_light et_pb_module et_block_module preset--module--divi-text--aaa7c440-590a-4078-ae0c-0f3c699ac51c\"><div class=\"et_pb_text_inner\"><h3>Engineering Solutions Applied to Building Construction<\/h3>\n<\/div><\/div>\n\n<div class=\"et_pb_module et_pb_button_module_wrapper et_pb_button_1_wrapper preset--module--divi-button--31b4f027-aaa0-4f2f-ae02-959764e19e4f_wrapper\"><a class=\"et_pb_button_1 et_pb_button et_pb_bg_layout_light et_pb_module et_block_module preset--module--divi-button--31b4f027-aaa0-4f2f-ae02-959764e19e4f\" href=\"\/en\/servicios\/\">See services<\/a><\/div>\n<\/div>\n\n<div class=\"et_pb_column_9 et_pb_column et_pb_column_1_2 et-last-child et_block_column et_pb_css_mix_blend_mode_passthrough\">\n<div class=\"et_pb_text_3 et_pb_text et_pb_bg_layout_light et_pb_module et_block_module preset--module--divi-text--4c43b4b6-66bf-432d-959a-705bda24a650\"><div class=\"et_pb_text_inner\"><p>At \u00c1tico Consultor\u00eda de Ingenier\u00eda we integrate technical knowledge, regulatory experience and operational vision to offer specialized services that provide safety, efficiency and control in each phase of the construction project. Our approach is oriented to generate real value, reduce technical uncertainty and facilitate decision making for developers, technicians and control entities.<\/p>\n<\/div><\/div>\n<\/div>\n<\/div>\n<\/div>\n<\/div>\n<\/div>\n\n<div class=\"et_pb_section_3 et_pb_section et_section_regular et_block_section\">\n<div class=\"et_pb_row_4 et_pb_row et_pb_gutters3 et_block_row\">\n<div class=\"et_pb_column_10 et_pb_column et_pb_column_1_3 et_block_column et_pb_css_mix_blend_mode_passthrough\">\n<div class=\"et_pb_text_4 et_pb_text et_pb_bg_layout_light et_pb_module et_block_module preset--module--divi-text--b327cbe4-b1d5-4b66-ad37-40c8f2f061ba\"><div class=\"et_pb_text_inner\"><h2>About Us<\/h2>\n<\/div><\/div>\n\n<div class=\"et_pb_text_5 et_pb_text et_pb_bg_layout_light et_pb_module et_block_module preset--module--divi-text--518880c8-46c7-4ffa-b5a6-93ffa99dcc17\"><div class=\"et_pb_text_inner\"><p>We are a specialized building team that provides technical criteria, regulatory rigor and a results-oriented methodology.<\/p>\n<\/div><\/div>\n<\/div>\n\n<div class=\"et_pb_column_11 et_pb_column et_pb_column_1_3 et_block_column et_pb_css_mix_blend_mode_passthrough\">\n<div class=\"et_pb_image_0 et_pb_image et_pb_module et_block_module\"><span class=\"et_pb_image_wrap\"><img loading=\"lazy\" decoding=\"async\" src=\"https:\/\/aticoconsultoria.com\/wp-content\/uploads\/2025\/12\/13-scaled.webp\" title=\"13\" width=\"2560\" height=\"1922\" srcset=\"https:\/\/aticoconsultoria.com\/wp-content\/uploads\/2025\/12\/13-scaled.webp 2560w, https:\/\/aticoconsultoria.com\/wp-content\/uploads\/2025\/12\/13-300x225.webp 300w, https:\/\/aticoconsultoria.com\/wp-content\/uploads\/2025\/12\/13-1024x769.webp 1024w, https:\/\/aticoconsultoria.com\/wp-content\/uploads\/2025\/12\/13-768x577.webp 768w, https:\/\/aticoconsultoria.com\/wp-content\/uploads\/2025\/12\/13-1536x1153.webp 1536w, https:\/\/aticoconsultoria.com\/wp-content\/uploads\/2025\/12\/13-2048x1538.webp 2048w\" sizes=\"(max-width: 2560px) 100vw, 2560px\" class=\"wp-image-19\" \/><\/span><\/div>\n<\/div>\n\n<div class=\"et_pb_column_12 et_pb_column et_pb_column_1_3 et-last-child et_block_column et_pb_css_mix_blend_mode_passthrough\">\n<div class=\"et_pb_image_1 et_pb_image et_pb_module et_block_module\"><span class=\"et_pb_image_wrap\"><img loading=\"lazy\" decoding=\"async\" src=\"https:\/\/aticoconsultoria.com\/wp-content\/uploads\/2025\/12\/10-scaled.webp\" title=\"10\" width=\"2560\" height=\"1920\" srcset=\"https:\/\/aticoconsultoria.com\/wp-content\/uploads\/2025\/12\/10-scaled.webp 2560w, https:\/\/aticoconsultoria.com\/wp-content\/uploads\/2025\/12\/10-300x225.webp 300w, https:\/\/aticoconsultoria.com\/wp-content\/uploads\/2025\/12\/10-1024x768.webp 1024w, https:\/\/aticoconsultoria.com\/wp-content\/uploads\/2025\/12\/10-768x576.webp 768w, https:\/\/aticoconsultoria.com\/wp-content\/uploads\/2025\/12\/10-1536x1152.webp 1536w, https:\/\/aticoconsultoria.com\/wp-content\/uploads\/2025\/12\/10-2048x1536.webp 2048w\" sizes=\"(max-width: 2560px) 100vw, 2560px\" class=\"wp-image-16\" \/><\/span><\/div>\n<\/div>\n<\/div>\n<\/div>","protected":false},"excerpt":{"rendered":"","protected":false},"author":1,"featured_media":0,"parent":0,"menu_order":0,"comment_status":"closed","ping_status":"closed","template":"","meta":{"footnotes":""},"class_list":["post-24","page","type-page","status-publish","hentry"],"yoast_head":"<!-- This site is optimized with the Yoast SEO plugin v26.6 - https:\/\/yoast.com\/wordpress\/plugins\/seo\/ -->\n<title>Consultor\u00eda de Ingenier\u00eda en Edificaci\u00f3n en Alicante | \u00c1tico Ingenier\u00eda<\/title>\n<meta name=\"description\" content=\"Consultor\u00eda de ingenier\u00eda especializada en edificaci\u00f3n en Alicante. Energ\u00eda, estructuras, CTE, informes t\u00e9cnicos y soporte para organismos de control y aseguradoras.\" \/>\n<meta name=\"robots\" content=\"index, follow, max-snippet:-1, max-image-preview:large, max-video-preview:-1\" \/>\n<link rel=\"canonical\" href=\"https:\/\/aticoconsultoria.com\/en\/\" \/>\n<meta property=\"og:locale\" content=\"en_US\" \/>\n<meta property=\"og:type\" content=\"article\" \/>\n<meta property=\"og:title\" content=\"Consultor\u00eda de Ingenier\u00eda en Edificaci\u00f3n en Alicante | \u00c1tico Ingenier\u00eda\" \/>\n<meta property=\"og:description\" content=\"Consultor\u00eda de ingenier\u00eda especializada en edificaci\u00f3n en Alicante. Energ\u00eda, estructuras, CTE, informes t\u00e9cnicos y soporte para organismos de control y aseguradoras.\" \/>\n<meta property=\"og:url\" content=\"https:\/\/aticoconsultoria.com\/en\/\" \/>\n<meta property=\"og:site_name\" content=\"Atico\" \/>\n<meta property=\"article:modified_time\" content=\"2025-12-19T14:35:48+00:00\" \/>\n<meta name=\"twitter:card\" content=\"summary_large_image\" \/>\n<script type=\"application\/ld+json\" class=\"yoast-schema-graph\">{\"@context\":\"https:\/\/schema.org\",\"@graph\":[{\"@type\":\"WebPage\",\"@id\":\"https:\/\/aticoconsultoria.com\/\",\"url\":\"https:\/\/aticoconsultoria.com\/\",\"name\":\"Consultor\u00eda de Ingenier\u00eda en Edificaci\u00f3n en Alicante | \u00c1tico Ingenier\u00eda\",\"isPartOf\":{\"@id\":\"https:\/\/aticoconsultoria.com\/#website\"},\"datePublished\":\"2025-12-10T17:32:07+00:00\",\"dateModified\":\"2025-12-19T14:35:48+00:00\",\"description\":\"Consultor\u00eda de ingenier\u00eda especializada en edificaci\u00f3n en Alicante. Energ\u00eda, estructuras, CTE, informes t\u00e9cnicos y soporte para organismos de control y aseguradoras.\",\"breadcrumb\":{\"@id\":\"https:\/\/aticoconsultoria.com\/#breadcrumb\"},\"inLanguage\":\"en-US\",\"potentialAction\":[{\"@type\":\"ReadAction\",\"target\":[\"https:\/\/aticoconsultoria.com\/\"]}]},{\"@type\":\"BreadcrumbList\",\"@id\":\"https:\/\/aticoconsultoria.com\/#breadcrumb\",\"itemListElement\":[{\"@type\":\"ListItem\",\"position\":1,\"name\":\"Portada\",\"item\":\"https:\/\/aticoconsultoria.com\/\"},{\"@type\":\"ListItem\",\"position\":2,\"name\":\"Inicio\"}]},{\"@type\":\"WebSite\",\"@id\":\"https:\/\/aticoconsultoria.com\/#website\",\"url\":\"https:\/\/aticoconsultoria.com\/\",\"name\":\"Atico\",\"description\":\"Consultor\u00eda de ingenier\u00eda\",\"potentialAction\":[{\"@type\":\"SearchAction\",\"target\":{\"@type\":\"EntryPoint\",\"urlTemplate\":\"https:\/\/aticoconsultoria.com\/?s={search_term_string}\"},\"query-input\":{\"@type\":\"PropertyValueSpecification\",\"valueRequired\":true,\"valueName\":\"search_term_string\"}}],\"inLanguage\":\"en-US\"}]}<\/script>\n<!-- \/ Yoast SEO plugin. -->","yoast_head_json":{"title":"Consultor\u00eda de Ingenier\u00eda en Edificaci\u00f3n en Alicante | \u00c1tico Ingenier\u00eda","description":"Consultor\u00eda de ingenier\u00eda especializada en edificaci\u00f3n en Alicante. Energ\u00eda, estructuras, CTE, informes t\u00e9cnicos y soporte para organismos de control y aseguradoras.","robots":{"index":"index","follow":"follow","max-snippet":"max-snippet:-1","max-image-preview":"max-image-preview:large","max-video-preview":"max-video-preview:-1"},"canonical":"https:\/\/aticoconsultoria.com\/en\/","og_locale":"en_US","og_type":"article","og_title":"Consultor\u00eda de Ingenier\u00eda en Edificaci\u00f3n en Alicante | \u00c1tico Ingenier\u00eda","og_description":"Consultor\u00eda de ingenier\u00eda especializada en edificaci\u00f3n en Alicante. Energ\u00eda, estructuras, CTE, informes t\u00e9cnicos y soporte para organismos de control y aseguradoras.","og_url":"https:\/\/aticoconsultoria.com\/en\/","og_site_name":"Atico","article_modified_time":"2025-12-19T14:35:48+00:00","twitter_card":"summary_large_image","schema":{"@context":"https:\/\/schema.org","@graph":[{"@type":"WebPage","@id":"https:\/\/aticoconsultoria.com\/","url":"https:\/\/aticoconsultoria.com\/","name":"Consultor\u00eda de Ingenier\u00eda en Edificaci\u00f3n en Alicante | \u00c1tico Ingenier\u00eda","isPartOf":{"@id":"https:\/\/aticoconsultoria.com\/#website"},"datePublished":"2025-12-10T17:32:07+00:00","dateModified":"2025-12-19T14:35:48+00:00","description":"Consultor\u00eda de ingenier\u00eda especializada en edificaci\u00f3n en Alicante. Energ\u00eda, estructuras, CTE, informes t\u00e9cnicos y soporte para organismos de control y aseguradoras.","breadcrumb":{"@id":"https:\/\/aticoconsultoria.com\/#breadcrumb"},"inLanguage":"en-US","potentialAction":[{"@type":"ReadAction","target":["https:\/\/aticoconsultoria.com\/"]}]},{"@type":"BreadcrumbList","@id":"https:\/\/aticoconsultoria.com\/#breadcrumb","itemListElement":[{"@type":"ListItem","position":1,"name":"Portada","item":"https:\/\/aticoconsultoria.com\/"},{"@type":"ListItem","position":2,"name":"Inicio"}]},{"@type":"WebSite","@id":"https:\/\/aticoconsultoria.com\/#website","url":"https:\/\/aticoconsultoria.com\/","name":"Atico","description":"Consultor\u00eda de ingenier\u00eda","potentialAction":[{"@type":"SearchAction","target":{"@type":"EntryPoint","urlTemplate":"https:\/\/aticoconsultoria.com\/?s={search_term_string}"},"query-input":{"@type":"PropertyValueSpecification","valueRequired":true,"valueName":"search_term_string"}}],"inLanguage":"en-US"}]}},"_links":{"self":[{"href":"https:\/\/aticoconsultoria.com\/en\/wp-json\/wp\/v2\/pages\/24","targetHints":{"allow":["GET"]}}],"collection":[{"href":"https:\/\/aticoconsultoria.com\/en\/wp-json\/wp\/v2\/pages"}],"about":[{"href":"https:\/\/aticoconsultoria.com\/en\/wp-json\/wp\/v2\/types\/page"}],"author":[{"embeddable":true,"href":"https:\/\/aticoconsultoria.com\/en\/wp-json\/wp\/v2\/users\/1"}],"replies":[{"embeddable":true,"href":"https:\/\/aticoconsultoria.com\/en\/wp-json\/wp\/v2\/comments?post=24"}],"version-history":[{"count":28,"href":"https:\/\/aticoconsultoria.com\/en\/wp-json\/wp\/v2\/pages\/24\/revisions"}],"predecessor-version":[{"id":188,"href":"https:\/\/aticoconsultoria.com\/en\/wp-json\/wp\/v2\/pages\/24\/revisions\/188"}],"wp:attachment":[{"href":"https:\/\/aticoconsultoria.com\/en\/wp-json\/wp\/v2\/media?parent=24"}],"curies":[{"name":"wp","href":"https:\/\/api.w.org\/{rel}","templated":true}]}}