{"id":138,"date":"2025-12-17T16:27:17","date_gmt":"2025-12-17T16:27:17","guid":{"rendered":"https:\/\/aticoconsultoria.com\/?page_id=138"},"modified":"2025-12-19T08:58:32","modified_gmt":"2025-12-19T08:58:32","slug":"servicios","status":"publish","type":"page","link":"https:\/\/aticoconsultoria.com\/en\/servicios\/","title":{"rendered":"Services"},"content":{"rendered":"<div class=\"et_pb_section_0 et_pb_section et_section_regular et_block_section\">\n<div class=\"et_pb_row_0 et_pb_row et_pb_gutters3 et_block_row\">\n<div class=\"et_pb_column_0 et_pb_column et_pb_column_2_3 et_block_column et_pb_css_mix_blend_mode_passthrough\">\n<div class=\"et_pb_text_0 et_pb_text et_pb_bg_layout_light et_pb_module et_block_module preset--module--divi-text--c16985e1-e0d6-4022-964d-e2bfc04fa633\"><div class=\"et_pb_text_inner\"><h1>Our Services<\/h1>\n<\/div><\/div>\n\n<div class=\"et_pb_text_1 et_pb_text et_pb_bg_layout_light et_pb_module et_block_module preset--module--divi-text--4827deed-2a92-4d97-a22f-f01067ae6873\"><div class=\"et_pb_text_inner\"><p>We offer a portfolio of specialized technical services in building, aimed at ensuring regulatory compliance, technical solvency and optimization of each project. We act as a strategic partner, providing criteria, precision and continuous support.<\/p>\n<\/div><\/div>\n<\/div>\n\n<div class=\"et_pb_column_1 et_pb_column et_pb_column_1_3 et-last-child et_block_column et_pb_column_empty et_pb_css_mix_blend_mode_passthrough\"><\/div>\n<\/div>\n\n<div class=\"et_pb_row_1 et_pb_row et_pb_equal_columns et_pb_gutters2 et_block_row\">\n<div class=\"et_pb_column_2 et_pb_column et_pb_column_2_3 et_block_column et_pb_css_mix_blend_mode_passthrough\">\n<div class=\"et_pb_text_2 et_pb_text et_pb_bg_layout_light et_pb_bg_layout_dark_hover et_pb_module et_block_module preset--module--divi-text--aaa7c440-590a-4078-ae0c-0f3c699ac51c\"><div class=\"et_pb_text_inner\"><h3>Energy consulting<\/h3>\n<\/div><\/div>\n<\/div>\n\n<div class=\"et_pb_column_3 et_pb_column et_pb_column_1_3 et-last-child et_block_column et_pb_css_mix_blend_mode_passthrough\">\n<div class=\"et_pb_text_3 et_pb_text et_pb_bg_layout_light et_pb_bg_layout_dark_hover et_pb_module et_block_module preset--module--divi-text--aaa7c440-590a-4078-ae0c-0f3c699ac51c\"><div class=\"et_pb_text_inner\"><h3>Structural calculation<\/h3>\n<\/div><\/div>\n<\/div>\n<\/div>\n\n<div class=\"et_pb_row_2 et_pb_row et_pb_equal_columns et_pb_gutters2 et_block_row\">\n<div class=\"et_pb_column_4 et_pb_column et_pb_column_1_3 et_block_column et_pb_css_mix_blend_mode_passthrough\">\n<div class=\"et_pb_text_4 et_pb_text et_pb_bg_layout_light et_pb_bg_layout_dark_hover et_pb_module et_block_module preset--module--divi-text--aaa7c440-590a-4078-ae0c-0f3c699ac51c\"><div class=\"et_pb_text_inner\"><h3>Memories of the CTE<\/h3>\n<\/div><\/div>\n<\/div>\n\n<div class=\"et_pb_column_5 et_pb_column et_pb_column_1_3 et_block_column et_pb_css_mix_blend_mode_passthrough\">\n<div class=\"et_pb_text_5 et_pb_text et_pb_bg_layout_light et_pb_bg_layout_dark_hover et_pb_module et_block_module preset--module--divi-text--aaa7c440-590a-4078-ae0c-0f3c699ac51c\"><div class=\"et_pb_text_inner\"><h3>Technical reports<\/h3>\n<\/div><\/div>\n<\/div>\n\n<div class=\"et_pb_column_6 et_pb_column et_pb_column_1_3 et-last-child et_block_column et_pb_css_mix_blend_mode_passthrough\">\n<div class=\"et_pb_text_6 et_pb_text et_pb_bg_layout_light et_pb_bg_layout_dark_hover et_pb_module et_block_module preset--module--divi-text--aaa7c440-590a-4078-ae0c-0f3c699ac51c\"><div class=\"et_pb_text_inner\"><h3>Control agencies<\/h3>\n<\/div><\/div>\n<\/div>\n<\/div>\n<\/div>\n\n<div class=\"et_pb_section_1 et_pb_section et_section_regular et_block_section\">\n<div class=\"et_pb_row_3 et_pb_row et_pb_row_1-4_3-4 et_pb_gutters3 et_block_row\">\n<div class=\"et_pb_column_7 et_pb_column et_pb_column_1_4 et_block_column et_pb_column_empty et_pb_css_mix_blend_mode_passthrough\"><\/div>\n\n<div class=\"et_pb_column_8 et_pb_column et_pb_column_3_4 et-last-child et_block_column et_pb_css_mix_blend_mode_passthrough\">\n<div class=\"et_pb_text_7 et_pb_text et_pb_bg_layout_light et_pb_module et_block_module preset--module--divi-text--b327cbe4-b1d5-4b66-ad37-40c8f2f061ba\"><div class=\"et_pb_text_inner\"><h2>Specialized building services<\/h2>\n<\/div><\/div>\n<\/div>\n<\/div>\n\n<div class=\"et_pb_row_4 et_pb_row et_pb_equal_columns et_pb_gutters2 et_block_row\">\n<div class=\"et_pb_column_9 et_pb_column et_pb_column_3_5 et_block_column et_pb_css_mix_blend_mode_passthrough\">\n<div class=\"et_pb_divider_0 et_pb_divider_hidden et_pb_space et_pb_divider_position_top et_pb_module\"><div class=\"et_pb_divider_internal\"><\/div><\/div>\n<\/div>\n\n<div class=\"et_pb_column_10 et_pb_column et_pb_column_2_5 et-last-child et_block_column et_pb_css_mix_blend_mode_passthrough\">\n<div class=\"et_pb_text_8 et_pb_text et_pb_bg_layout_light et_pb_module et_block_module preset--module--divi-text--1f09816e-184e-4ce5-a4cf-b39c52c423ca\"><div class=\"et_pb_text_inner\"><p>Our services cover the main technical needs of the building process, from the design phase to the final validation before agencies, control entities and insurance companies.<\/p>\n<\/div><\/div>\n\n<div class=\"et_pb_blurb_0 et_pb_blurb et_pb_bg_layout_light et_pb_text_align_left et_pb_blurb_position_left et_pb_module et_block_module preset--module--divi-blurb--b62950b2-9f88-417a-a624-825d61ec2a3d\"><div class=\"et_pb_blurb_content\"><div class=\"et_pb_main_blurb_image\"><span class=\"et_pb_image_wrap\"><span class=\"et-pb-icon et-waypoint et_pb_animation_off et_pb_animation_off_tablet et_pb_animation_off_phone\">\uf058<\/span><\/span><\/div><div class=\"et_pb_blurb_container\"><h4 class=\"et_pb_module_header\">Building energy consulting<\/h4><\/div><\/div><\/div>\n\n<div class=\"et_pb_blurb_1 et_pb_blurb et_pb_bg_layout_light et_pb_text_align_left et_pb_blurb_position_left et_pb_module et_block_module preset--module--divi-blurb--b62950b2-9f88-417a-a624-825d61ec2a3d\"><div class=\"et_pb_blurb_content\"><div class=\"et_pb_main_blurb_image\"><span class=\"et_pb_image_wrap\"><span class=\"et-pb-icon et-waypoint et_pb_animation_off et_pb_animation_off_tablet et_pb_animation_off_phone\">\uf058<\/span><\/span><\/div><div class=\"et_pb_blurb_container\"><h4 class=\"et_pb_module_header\">Calculation of concrete and steel structures<\/h4><\/div><\/div><\/div>\n\n<div class=\"et_pb_blurb_2 et_pb_blurb et_pb_bg_layout_light et_pb_text_align_left et_pb_blurb_position_left et_pb_module et_block_module preset--module--divi-blurb--b62950b2-9f88-417a-a624-825d61ec2a3d\"><div class=\"et_pb_blurb_content\"><div class=\"et_pb_main_blurb_image\"><span class=\"et_pb_image_wrap\"><span class=\"et-pb-icon et-waypoint et_pb_animation_off et_pb_animation_off_tablet et_pb_animation_off_phone\">\uf058<\/span><\/span><\/div><div class=\"et_pb_blurb_container\"><h4 class=\"et_pb_module_header\">Drafting of Technical Code reports<\/h4><\/div><\/div><\/div>\n\n<div class=\"et_pb_blurb_3 et_pb_blurb et_pb_bg_layout_light et_pb_text_align_left et_pb_blurb_position_left et_pb_module et_block_module preset--module--divi-blurb--b62950b2-9f88-417a-a624-825d61ec2a3d\"><div class=\"et_pb_blurb_content\"><div class=\"et_pb_main_blurb_image\"><span class=\"et_pb_image_wrap\"><span class=\"et-pb-icon et-waypoint et_pb_animation_off et_pb_animation_off_tablet et_pb_animation_off_phone\">\uf058<\/span><\/span><\/div><div class=\"et_pb_blurb_container\"><h4 class=\"et_pb_module_header\">Expert and technical reports of the CTE<\/h4><\/div><\/div><\/div>\n\n<div class=\"et_pb_blurb_4 et_pb_blurb et_pb_bg_layout_light et_pb_text_align_left et_pb_blurb_position_left et_pb_module et_block_module preset--module--divi-blurb--b62950b2-9f88-417a-a624-825d61ec2a3d\"><div class=\"et_pb_blurb_content\"><div class=\"et_pb_main_blurb_image\"><span class=\"et_pb_image_wrap\"><span class=\"et-pb-icon et-waypoint et_pb_animation_off et_pb_animation_off_tablet et_pb_animation_off_phone\">\uf058<\/span><\/span><\/div><div class=\"et_pb_blurb_container\"><h4 class=\"et_pb_module_header\">Collaboration with OCT, ECE and insurers<\/h4><\/div><\/div><\/div>\n\n<div class=\"et_pb_image_0 et_pb_image et_pb_module et_block_module\"><span class=\"et_pb_image_wrap\"><img loading=\"lazy\" decoding=\"async\" src=\"https:\/\/aticoconsultoria.com\/wp-content\/uploads\/2025\/12\/architect-38.jpg\" width=\"800\" height=\"890\" srcset=\"https:\/\/aticoconsultoria.com\/wp-content\/uploads\/2025\/12\/architect-38.jpg 800w, https:\/\/aticoconsultoria.com\/wp-content\/uploads\/2025\/12\/architect-38-480x534.jpg 480w\" sizes=\"(min-width: 0px) and (max-width: 480px) 480px, (min-width: 481px) 800px, 100vw\" class=\"wp-image-145\" title=\"architect-38\" \/><\/span><\/div>\n<\/div>\n<\/div>\n<\/div>\n\n<div class=\"et_pb_section_2 et_pb_section et_section_regular et_block_section\">\n<div class=\"et_pb_row_5 et_pb_row et_pb_gutters3 et_block_row\">\n<div class=\"et_pb_column_11 et_pb_column et_pb_column_1_3 et_block_column et_pb_css_mix_blend_mode_passthrough\">\n<div class=\"et_pb_text_9 et_pb_text et_pb_bg_layout_dark et_pb_module et_block_module preset--module--divi-text--aaa7c440-590a-4078-ae0c-0f3c699ac51c\"><div class=\"et_pb_text_inner\"><h3>Customized technical solutions<\/h3>\n<\/div><\/div>\n\n<div class=\"et_pb_text_10 et_pb_text et_pb_bg_layout_dark et_pb_module et_block_module preset--module--divi-text--518880c8-46c7-4ffa-b5a6-93ffa99dcc17\"><div class=\"et_pb_text_inner\"><p>We adapt each service to the characteristics of the project, guaranteeing viable solutions, documented and aligned with the technical and administrative requirements.<\/p>\n<\/div><\/div>\n\n<div class=\"et_pb_module et_pb_button_module_wrapper et_pb_button_0_wrapper preset--module--divi-button--31b4f027-aaa0-4f2f-ae02-959764e19e4f_wrapper\"><a class=\"et_pb_button_0 et_pb_button et_pb_bg_layout_light et_pb_module et_block_module preset--module--divi-button--31b4f027-aaa0-4f2f-ae02-959764e19e4f\" href=\"\/en\/contacto\/\">Contact<\/a><\/div>\n<\/div>\n\n<div class=\"et_pb_column_12 et_pb_column et_pb_column_1_3 et_block_column et_pb_css_mix_blend_mode_passthrough\">\n<div class=\"et_pb_image_1 et_pb_image et_pb_module et_block_module\"><span class=\"et_pb_image_wrap\"><img loading=\"lazy\" decoding=\"async\" src=\"https:\/\/aticoconsultoria.com\/wp-content\/uploads\/2025\/12\/architect-8.jpg\" width=\"800\" height=\"950\" srcset=\"https:\/\/aticoconsultoria.com\/wp-content\/uploads\/2025\/12\/architect-8.jpg 800w, https:\/\/aticoconsultoria.com\/wp-content\/uploads\/2025\/12\/architect-8-480x570.jpg 480w\" sizes=\"(min-width: 0px) and (max-width: 480px) 480px, (min-width: 481px) 800px, 100vw\" class=\"wp-image-143\" title=\"architect-8\" \/><\/span><\/div>\n<\/div>\n\n<div class=\"et_pb_column_13 et_pb_column et_pb_column_1_3 et-last-child et_block_column et_pb_css_mix_blend_mode_passthrough\">\n<div class=\"et_pb_image_2 et_pb_image et_pb_module et_block_module\"><span class=\"et_pb_image_wrap\"><img loading=\"lazy\" decoding=\"async\" src=\"https:\/\/aticoconsultoria.com\/wp-content\/uploads\/2025\/12\/architect-11.jpg\" width=\"800\" height=\"950\" srcset=\"https:\/\/aticoconsultoria.com\/wp-content\/uploads\/2025\/12\/architect-11.jpg 800w, https:\/\/aticoconsultoria.com\/wp-content\/uploads\/2025\/12\/architect-11-480x570.jpg 480w\" sizes=\"(min-width: 0px) and (max-width: 480px) 480px, (min-width: 481px) 800px, 100vw\" class=\"wp-image-147\" title=\"architect-11\" \/><\/span><\/div>\n<\/div>\n<\/div>\n<\/div>","protected":false},"excerpt":{"rendered":"","protected":false},"author":1,"featured_media":0,"parent":0,"menu_order":0,"comment_status":"closed","ping_status":"closed","template":"","meta":{"footnotes":""},"class_list":["post-138","page","type-page","status-publish","hentry"],"yoast_head":"<!-- This site is optimized with the Yoast SEO plugin v26.6 - https:\/\/yoast.com\/wordpress\/plugins\/seo\/ -->\n<title>Servicios de Ingenier\u00eda en Edificaci\u00f3n en Alicante | \u00c1tico Ingenier\u00eda<\/title>\n<meta name=\"description\" content=\"Servicios de ingenier\u00eda en edificaci\u00f3n en Alicante. Consultor\u00eda energ\u00e9tica, c\u00e1lculo de estructuras, CTE, informes t\u00e9cnicos y soporte a organismos de control.\" \/>\n<meta name=\"robots\" content=\"index, follow, max-snippet:-1, max-image-preview:large, max-video-preview:-1\" \/>\n<link rel=\"canonical\" href=\"https:\/\/aticoconsultoria.com\/en\/servicios\/\" \/>\n<meta property=\"og:locale\" content=\"en_US\" \/>\n<meta property=\"og:type\" content=\"article\" \/>\n<meta property=\"og:title\" content=\"Servicios de Ingenier\u00eda en Edificaci\u00f3n en Alicante | \u00c1tico Ingenier\u00eda\" \/>\n<meta property=\"og:description\" content=\"Servicios de ingenier\u00eda en edificaci\u00f3n en Alicante. Consultor\u00eda energ\u00e9tica, c\u00e1lculo de estructuras, CTE, informes t\u00e9cnicos y soporte a organismos de control.\" \/>\n<meta property=\"og:url\" content=\"https:\/\/aticoconsultoria.com\/en\/servicios\/\" \/>\n<meta property=\"og:site_name\" content=\"Atico\" \/>\n<meta property=\"article:modified_time\" content=\"2025-12-19T08:58:32+00:00\" \/>\n<meta name=\"twitter:card\" content=\"summary_large_image\" \/>\n<script type=\"application\/ld+json\" class=\"yoast-schema-graph\">{\"@context\":\"https:\/\/schema.org\",\"@graph\":[{\"@type\":\"WebPage\",\"@id\":\"https:\/\/aticoconsultoria.com\/servicios\/\",\"url\":\"https:\/\/aticoconsultoria.com\/servicios\/\",\"name\":\"Servicios de Ingenier\u00eda en Edificaci\u00f3n en Alicante | \u00c1tico Ingenier\u00eda\",\"isPartOf\":{\"@id\":\"https:\/\/aticoconsultoria.com\/#website\"},\"datePublished\":\"2025-12-17T16:27:17+00:00\",\"dateModified\":\"2025-12-19T08:58:32+00:00\",\"description\":\"Servicios de ingenier\u00eda en edificaci\u00f3n en Alicante. Consultor\u00eda energ\u00e9tica, c\u00e1lculo de estructuras, CTE, informes t\u00e9cnicos y soporte a organismos de control.\",\"breadcrumb\":{\"@id\":\"https:\/\/aticoconsultoria.com\/servicios\/#breadcrumb\"},\"inLanguage\":\"en-US\",\"potentialAction\":[{\"@type\":\"ReadAction\",\"target\":[\"https:\/\/aticoconsultoria.com\/servicios\/\"]}]},{\"@type\":\"BreadcrumbList\",\"@id\":\"https:\/\/aticoconsultoria.com\/servicios\/#breadcrumb\",\"itemListElement\":[{\"@type\":\"ListItem\",\"position\":1,\"name\":\"Portada\",\"item\":\"https:\/\/aticoconsultoria.com\/\"},{\"@type\":\"ListItem\",\"position\":2,\"name\":\"Servicios\"}]},{\"@type\":\"WebSite\",\"@id\":\"https:\/\/aticoconsultoria.com\/#website\",\"url\":\"https:\/\/aticoconsultoria.com\/\",\"name\":\"Atico\",\"description\":\"Consultor\u00eda de ingenier\u00eda\",\"potentialAction\":[{\"@type\":\"SearchAction\",\"target\":{\"@type\":\"EntryPoint\",\"urlTemplate\":\"https:\/\/aticoconsultoria.com\/?s={search_term_string}\"},\"query-input\":{\"@type\":\"PropertyValueSpecification\",\"valueRequired\":true,\"valueName\":\"search_term_string\"}}],\"inLanguage\":\"en-US\"}]}<\/script>\n<!-- \/ Yoast SEO plugin. -->","yoast_head_json":{"title":"Servicios de Ingenier\u00eda en Edificaci\u00f3n en Alicante | \u00c1tico Ingenier\u00eda","description":"Servicios de ingenier\u00eda en edificaci\u00f3n en Alicante. Consultor\u00eda energ\u00e9tica, c\u00e1lculo de estructuras, CTE, informes t\u00e9cnicos y soporte a organismos de control.","robots":{"index":"index","follow":"follow","max-snippet":"max-snippet:-1","max-image-preview":"max-image-preview:large","max-video-preview":"max-video-preview:-1"},"canonical":"https:\/\/aticoconsultoria.com\/en\/servicios\/","og_locale":"en_US","og_type":"article","og_title":"Servicios de Ingenier\u00eda en Edificaci\u00f3n en Alicante | \u00c1tico Ingenier\u00eda","og_description":"Servicios de ingenier\u00eda en edificaci\u00f3n en Alicante. Consultor\u00eda energ\u00e9tica, c\u00e1lculo de estructuras, CTE, informes t\u00e9cnicos y soporte a organismos de control.","og_url":"https:\/\/aticoconsultoria.com\/en\/servicios\/","og_site_name":"Atico","article_modified_time":"2025-12-19T08:58:32+00:00","twitter_card":"summary_large_image","schema":{"@context":"https:\/\/schema.org","@graph":[{"@type":"WebPage","@id":"https:\/\/aticoconsultoria.com\/servicios\/","url":"https:\/\/aticoconsultoria.com\/servicios\/","name":"Servicios de Ingenier\u00eda en Edificaci\u00f3n en Alicante | \u00c1tico Ingenier\u00eda","isPartOf":{"@id":"https:\/\/aticoconsultoria.com\/#website"},"datePublished":"2025-12-17T16:27:17+00:00","dateModified":"2025-12-19T08:58:32+00:00","description":"Servicios de ingenier\u00eda en edificaci\u00f3n en Alicante. Consultor\u00eda energ\u00e9tica, c\u00e1lculo de estructuras, CTE, informes t\u00e9cnicos y soporte a organismos de control.","breadcrumb":{"@id":"https:\/\/aticoconsultoria.com\/servicios\/#breadcrumb"},"inLanguage":"en-US","potentialAction":[{"@type":"ReadAction","target":["https:\/\/aticoconsultoria.com\/servicios\/"]}]},{"@type":"BreadcrumbList","@id":"https:\/\/aticoconsultoria.com\/servicios\/#breadcrumb","itemListElement":[{"@type":"ListItem","position":1,"name":"Portada","item":"https:\/\/aticoconsultoria.com\/"},{"@type":"ListItem","position":2,"name":"Servicios"}]},{"@type":"WebSite","@id":"https:\/\/aticoconsultoria.com\/#website","url":"https:\/\/aticoconsultoria.com\/","name":"Atico","description":"Consultor\u00eda de ingenier\u00eda","potentialAction":[{"@type":"SearchAction","target":{"@type":"EntryPoint","urlTemplate":"https:\/\/aticoconsultoria.com\/?s={search_term_string}"},"query-input":{"@type":"PropertyValueSpecification","valueRequired":true,"valueName":"search_term_string"}}],"inLanguage":"en-US"}]}},"_links":{"self":[{"href":"https:\/\/aticoconsultoria.com\/en\/wp-json\/wp\/v2\/pages\/138","targetHints":{"allow":["GET"]}}],"collection":[{"href":"https:\/\/aticoconsultoria.com\/en\/wp-json\/wp\/v2\/pages"}],"about":[{"href":"https:\/\/aticoconsultoria.com\/en\/wp-json\/wp\/v2\/types\/page"}],"author":[{"embeddable":true,"href":"https:\/\/aticoconsultoria.com\/en\/wp-json\/wp\/v2\/users\/1"}],"replies":[{"embeddable":true,"href":"https:\/\/aticoconsultoria.com\/en\/wp-json\/wp\/v2\/comments?post=138"}],"version-history":[{"count":3,"href":"https:\/\/aticoconsultoria.com\/en\/wp-json\/wp\/v2\/pages\/138\/revisions"}],"predecessor-version":[{"id":151,"href":"https:\/\/aticoconsultoria.com\/en\/wp-json\/wp\/v2\/pages\/138\/revisions\/151"}],"wp:attachment":[{"href":"https:\/\/aticoconsultoria.com\/en\/wp-json\/wp\/v2\/media?parent=138"}],"curies":[{"name":"wp","href":"https:\/\/api.w.org\/{rel}","templated":true}]}}