{"id":127,"date":"2025-12-17T15:53:53","date_gmt":"2025-12-17T15:53:53","guid":{"rendered":"https:\/\/aticoconsultoria.com\/?page_id=127"},"modified":"2025-12-19T08:59:06","modified_gmt":"2025-12-19T08:59:06","slug":"sobre-nosotros","status":"publish","type":"page","link":"https:\/\/aticoconsultoria.com\/en\/sobre-nosotros\/","title":{"rendered":"About Us"},"content":{"rendered":"<div class=\"et_pb_section_0 et_pb_section et_section_regular et_block_section\">\n<div class=\"et_pb_row_0 et_pb_row et_pb_equal_columns et_pb_gutters2 et_block_row\">\n<div class=\"et_pb_column_0 et_pb_column et_pb_column_3_5 et_block_column et_pb_css_mix_blend_mode_passthrough\">\n<div class=\"et_pb_text_0 et_pb_text et_pb_bg_layout_light et_pb_module et_block_module preset--module--divi-text--c16985e1-e0d6-4022-964d-e2bfc04fa633\"><div class=\"et_pb_text_inner\"><h1>About Us<\/h1>\n<\/div><\/div>\n\n<div class=\"et_pb_image_0 et_pb_image et_pb_module et_block_module\"><span class=\"et_pb_image_wrap\"><img loading=\"lazy\" decoding=\"async\" src=\"https:\/\/aticoconsultoria.com\/wp-content\/uploads\/2025\/12\/architect-23.jpg\" width=\"800\" height=\"690\" srcset=\"https:\/\/aticoconsultoria.com\/wp-content\/uploads\/2025\/12\/architect-23.jpg 800w, https:\/\/aticoconsultoria.com\/wp-content\/uploads\/2025\/12\/architect-23-480x414.jpg 480w\" sizes=\"(min-width: 0px) and (max-width: 480px) 480px, (min-width: 481px) 800px, 100vw\" class=\"wp-image-129\" title=\"architect-23\" \/><\/span><\/div>\n<\/div>\n\n<div class=\"et_pb_column_1 et_pb_column et_pb_column_2_5 et-last-child et_block_column et_pb_css_mix_blend_mode_passthrough\">\n<div class=\"et_pb_image_1 et_pb_image et_pb_module et_block_module\"><span class=\"et_pb_image_wrap\"><img loading=\"lazy\" decoding=\"async\" src=\"https:\/\/aticoconsultoria.com\/wp-content\/uploads\/2025\/12\/architect-5.jpg\" title=\"architect-5\" width=\"800\" height=\"950\" srcset=\"https:\/\/aticoconsultoria.com\/wp-content\/uploads\/2025\/12\/architect-5.jpg 800w, https:\/\/aticoconsultoria.com\/wp-content\/uploads\/2025\/12\/architect-5-480x570.jpg 480w\" sizes=\"(min-width: 0px) and (max-width: 480px) 480px, (min-width: 481px) 800px, 100vw\" class=\"wp-image-33\" \/><\/span><\/div>\n\n<div class=\"et_pb_text_1 et_pb_text et_pb_bg_layout_light et_pb_module et_block_module preset--module--divi-text--4827deed-2a92-4d97-a22f-f01067ae6873\"><div class=\"et_pb_text_inner\"><h4>Desde<\/h4>\n<\/div><\/div>\n\n<div class=\"et_pb_text_2 et_pb_text et_pb_bg_layout_light et_pb_module et_block_module preset--module--divi-text--b327cbe4-b1d5-4b66-ad37-40c8f2f061ba\"><div class=\"et_pb_text_inner\"><h2>2014<\/h2>\n<\/div><\/div>\n<\/div>\n<\/div>\n\n<div class=\"et_pb_row_1 et_pb_row et_pb_gutters3 et_block_row\">\n<div class=\"et_pb_column_2 et_pb_column et_pb_column_1_3 et_block_column et_pb_css_mix_blend_mode_passthrough\">\n<div class=\"et_pb_text_3 et_pb_text et_pb_bg_layout_light et_pb_module et_block_module preset--module--divi-text--4827deed-2a92-4d97-a22f-f01067ae6873\"><div class=\"et_pb_text_inner\"><h4>Rigor t\u00e9cnico<\/h4>\n<\/div><\/div>\n\n<div class=\"et_pb_text_4 et_pb_text et_pb_bg_layout_light et_pb_module et_block_module preset--module--divi-text--4c43b4b6-66bf-432d-959a-705bda24a650\"><div class=\"et_pb_text_inner\"><p>Aplicamos criterios de ingenier\u00eda contrastados, alineados con la normativa vigente, garantizando soluciones s\u00f3lidas y t\u00e9cnicamente justificadas en cada proyecto.<\/p>\n<\/div><\/div>\n<\/div>\n\n<div class=\"et_pb_column_3 et_pb_column et_pb_column_1_3 et_block_column et_pb_css_mix_blend_mode_passthrough\">\n<div class=\"et_pb_text_5 et_pb_text et_pb_bg_layout_light et_pb_module et_block_module preset--module--divi-text--4827deed-2a92-4d97-a22f-f01067ae6873\"><div class=\"et_pb_text_inner\"><h4>Compromiso normativo<\/h4>\n<\/div><\/div>\n\n<div class=\"et_pb_text_6 et_pb_text et_pb_bg_layout_light et_pb_module et_block_module preset--module--divi-text--4c43b4b6-66bf-432d-959a-705bda24a650\"><div class=\"et_pb_text_inner\"><p>Trabajamos con un enfoque plenamente orientado al cumplimiento del CTE y a los requisitos exigidos por organismos de control, administraciones y aseguradoras.<\/p>\n<\/div><\/div>\n<\/div>\n\n<div class=\"et_pb_column_4 et_pb_column et_pb_column_1_3 et-last-child et_block_column et_pb_css_mix_blend_mode_passthrough\">\n<div class=\"et_pb_text_7 et_pb_text et_pb_bg_layout_light et_pb_module et_block_module preset--module--divi-text--4827deed-2a92-4d97-a22f-f01067ae6873\"><div class=\"et_pb_text_inner\"><h4>Orientaci\u00f3n a resultados<\/h4>\n<\/div><\/div>\n\n<div class=\"et_pb_text_8 et_pb_text et_pb_bg_layout_light et_pb_module et_block_module preset--module--divi-text--4c43b4b6-66bf-432d-959a-705bda24a650\"><div class=\"et_pb_text_inner\"><p>Nuestro objetivo es aportar valor real al proyecto, reduciendo riesgos t\u00e9cnicos, optimizando procesos y facilitando la toma de decisiones.<\/p>\n<\/div><\/div>\n<\/div>\n<\/div>\n<\/div>\n\n<div class=\"et_pb_section_1 et_pb_section et_section_regular et_block_section\">\n<div class=\"et_pb_row_2 et_pb_row et_pb_gutters3 et_block_row\">\n<div class=\"et_pb_column_5 et_pb_column et_pb_column_1_2 et_block_column et_pb_css_mix_blend_mode_passthrough\">\n<div class=\"et_pb_text_9 et_pb_text et_pb_bg_layout_dark et_pb_module et_block_module preset--module--divi-text--b327cbe4-b1d5-4b66-ad37-40c8f2f061ba\"><div class=\"et_pb_text_inner\"><h2>Qui\u00e9nes somos<\/h2>\n<\/div><\/div>\n<\/div>\n\n<div class=\"et_pb_column_6 et_pb_column et_pb_column_1_2 et-last-child et_block_column et_pb_css_mix_blend_mode_passthrough\">\n<div class=\"et_pb_text_10 et_pb_text et_pb_bg_layout_dark et_pb_module et_block_module preset--module--divi-text--1f09816e-184e-4ce5-a4cf-b39c52c423ca\"><div class=\"et_pb_text_inner\"><p>\u00c1tico Consultor\u00eda de Ingenier\u00eda es una firma especializada en edificaci\u00f3n que act\u00faa como socio t\u00e9cnico de confianza para promotores, arquitectos y constructoras. Integramos conocimiento t\u00e9cnico, experiencia pr\u00e1ctica y visi\u00f3n normativa para acompa\u00f1ar cada proyecto desde su concepci\u00f3n hasta su validaci\u00f3n final.<\/p>\n<\/div><\/div>\n<\/div>\n<\/div>\n\n<div class=\"et_pb_row_3 et_pb_row et_pb_gutters3 et_block_row\">\n<div class=\"et_pb_column_7 et_pb_column et_pb_column_4_4 et-last-child et_block_column et_pb_css_mix_blend_mode_passthrough\">\n<div class=\"et_pb_image_2 et_pb_image et_pb_module et_block_module\"><span class=\"et_pb_image_wrap\"><img loading=\"lazy\" decoding=\"async\" src=\"https:\/\/aticoconsultoria.com\/wp-content\/uploads\/2025\/12\/atico-10-mod.webp\" title=\"atico-10-mod\" width=\"1280\" height=\"535\" srcset=\"https:\/\/aticoconsultoria.com\/wp-content\/uploads\/2025\/12\/atico-10-mod.webp 1280w, https:\/\/aticoconsultoria.com\/wp-content\/uploads\/2025\/12\/atico-10-mod-980x410.webp 980w, https:\/\/aticoconsultoria.com\/wp-content\/uploads\/2025\/12\/atico-10-mod-480x201.webp 480w\" sizes=\"(min-width: 0px) and (max-width: 480px) 480px, (min-width: 481px) and (max-width: 980px) 980px, (min-width: 981px) 1280px, 100vw\" class=\"wp-image-136\" \/><\/span><\/div>\n<\/div>\n<\/div>\n\n<div class=\"et_pb_row_4 et_pb_row et_pb_gutters3 et_block_row\">\n<div class=\"et_pb_column_8 et_pb_column et_pb_column_1_3 et_block_column et_pb_column_empty et_pb_css_mix_blend_mode_passthrough\"><\/div>\n\n<div class=\"et_pb_column_9 et_pb_column et_pb_column_2_3 et-last-child et_block_column et_pb_css_mix_blend_mode_passthrough\">\n<div class=\"et_pb_text_11 et_pb_text et_pb_bg_layout_dark et_pb_module et_block_module preset--module--divi-text--aaa7c440-590a-4078-ae0c-0f3c699ac51c\"><div class=\"et_pb_text_inner\"><h3 data-start=\"1098\" data-end=\"1132\"><strong data-start=\"1102\" data-end=\"1132\">Experiencia en edificaci\u00f3n<\/strong><\/h3>\n<\/div><\/div>\n\n<div class=\"et_pb_text_12 et_pb_text et_pb_bg_layout_dark et_pb_module et_block_module preset--module--divi-text--aaa7c440-590a-4078-ae0c-0f3c699ac51c\"><div class=\"et_pb_text_inner\"><h3>Especializaci\u00f3n t\u00e9cnica<\/h3>\n<\/div><\/div>\n\n<div class=\"et_pb_text_13 et_pb_text et_pb_bg_layout_dark et_pb_module et_block_module preset--module--divi-text--aaa7c440-590a-4078-ae0c-0f3c699ac51c\"><div class=\"et_pb_text_inner\"><h3>Visi\u00f3n integral del proyecto<\/h3>\n<\/div><\/div>\n\n<div class=\"et_pb_text_14 et_pb_text et_pb_bg_layout_dark et_pb_module et_block_module preset--module--divi-text--aaa7c440-590a-4078-ae0c-0f3c699ac51c\"><div class=\"et_pb_text_inner\"><h3>Metodolog\u00eda estructurada<\/h3>\n<\/div><\/div>\n\n<div class=\"et_pb_text_15 et_pb_text et_pb_bg_layout_dark et_pb_module et_block_module preset--module--divi-text--aaa7c440-590a-4078-ae0c-0f3c699ac51c\"><div class=\"et_pb_text_inner\"><h3>Soporte continuo<\/h3>\n<\/div><\/div>\n<\/div>\n<\/div>\n<\/div>\n\n<div class=\"et_pb_section_2 et_pb_section et_section_regular et_block_section\">\n<div class=\"et_pb_row_5 et_pb_row et_pb_gutters3 et_block_row\">\n<div class=\"et_pb_column_10 et_pb_column et_pb_column_1_2 et_block_column et_pb_css_mix_blend_mode_passthrough\">\n<div class=\"et_pb_image_3 et_pb_image et_pb_module et_block_module\"><span class=\"et_pb_image_wrap\"><img loading=\"lazy\" decoding=\"async\" src=\"https:\/\/aticoconsultoria.com\/wp-content\/uploads\/2025\/12\/architect-5b.jpg\" width=\"800\" height=\"1120\" srcset=\"https:\/\/aticoconsultoria.com\/wp-content\/uploads\/2025\/12\/architect-5b.jpg 800w, https:\/\/aticoconsultoria.com\/wp-content\/uploads\/2025\/12\/architect-5b-480x672.jpg 480w\" sizes=\"(min-width: 0px) and (max-width: 480px) 480px, (min-width: 481px) 800px, 100vw\" class=\"wp-image-131\" title=\"architect-5b\" \/><\/span><\/div>\n\n<div class=\"et_pb_text_16 et_pb_text et_pb_bg_layout_light et_pb_module et_block_module preset--module--divi-text--b327cbe4-b1d5-4b66-ad37-40c8f2f061ba\"><div class=\"et_pb_text_inner\"><h2>Nuestra forma de trabajar<\/h2>\n<\/div><\/div>\n<\/div>\n\n<div class=\"et_pb_column_11 et_pb_column et_pb_column_1_2 et-last-child et_block_column et_pb_css_mix_blend_mode_passthrough\">\n<div class=\"et_pb_text_17 et_pb_text et_pb_bg_layout_light et_pb_module et_block_module preset--module--divi-text--aaa7c440-590a-4078-ae0c-0f3c699ac51c\"><div class=\"et_pb_text_inner\"><h3>An\u00e1lisis t\u00e9cnico inicial<\/h3>\n<\/div><\/div>\n\n<div class=\"et_pb_text_18 et_pb_text et_pb_bg_layout_light et_pb_module et_block_module preset--module--divi-text--1f09816e-184e-4ce5-a4cf-b39c52c423ca\"><div class=\"et_pb_text_inner\"><p>Evaluamos cada proyecto desde una perspectiva global, identificando condicionantes normativos, t\u00e9cnicos y operativos desde las primeras fases.<\/p>\n<\/div><\/div>\n\n<div class=\"et_pb_text_19 et_pb_text et_pb_bg_layout_light et_pb_module et_block_module preset--module--divi-text--aaa7c440-590a-4078-ae0c-0f3c699ac51c\"><div class=\"et_pb_text_inner\"><h3>Desarrollo de soluciones<\/h3>\n<\/div><\/div>\n\n<div class=\"et_pb_text_20 et_pb_text et_pb_bg_layout_light et_pb_module et_block_module preset--module--divi-text--1f09816e-184e-4ce5-a4cf-b39c52c423ca\"><div class=\"et_pb_text_inner\"><p>Definimos y calculamos soluciones t\u00e9cnicas optimizadas, priorizando seguridad, eficiencia y adecuaci\u00f3n normativa.<\/p>\n<\/div><\/div>\n\n<div class=\"et_pb_text_21 et_pb_text et_pb_bg_layout_light et_pb_module et_block_module preset--module--divi-text--aaa7c440-590a-4078-ae0c-0f3c699ac51c\"><div class=\"et_pb_text_inner\"><h3>Documentaci\u00f3n y justificaci\u00f3n<\/h3>\n<\/div><\/div>\n\n<div class=\"et_pb_text_22 et_pb_text et_pb_bg_layout_light et_pb_module et_block_module preset--module--divi-text--1f09816e-184e-4ce5-a4cf-b39c52c423ca\"><div class=\"et_pb_text_inner\"><p>Generamos memorias, informes y c\u00e1lculos con un alto nivel de detalle, preparados para su validaci\u00f3n por organismos y terceros.<\/p>\n<\/div><\/div>\n\n<div class=\"et_pb_text_23 et_pb_text et_pb_bg_layout_light et_pb_module et_block_module preset--module--divi-text--aaa7c440-590a-4078-ae0c-0f3c699ac51c\"><div class=\"et_pb_text_inner\"><h3>Acompa\u00f1amiento y control<\/h3>\n<\/div><\/div>\n\n<div class=\"et_pb_text_24 et_pb_text et_pb_bg_layout_light et_pb_module et_block_module preset--module--divi-text--1f09816e-184e-4ce5-a4cf-b39c52c423ca\"><div class=\"et_pb_text_inner\"><p>Prestamos soporte t\u00e9cnico durante el desarrollo del proyecto y la obra, resolviendo incidencias y garantizando coherencia t\u00e9cnica.<\/p>\n<\/div><\/div>\n<\/div>\n<\/div>\n<\/div>","protected":false},"excerpt":{"rendered":"","protected":false},"author":1,"featured_media":0,"parent":0,"menu_order":0,"comment_status":"closed","ping_status":"closed","template":"","meta":{"footnotes":""},"class_list":["post-127","page","type-page","status-publish","hentry"],"yoast_head":"<!-- This site is optimized with the Yoast SEO plugin v26.6 - https:\/\/yoast.com\/wordpress\/plugins\/seo\/ -->\n<title>Sobre Nosotros | Consultor\u00eda de Ingenier\u00eda en Edificaci\u00f3n en Alicante<\/title>\n<meta name=\"description\" content=\"Conoce nuestra consultor\u00eda de ingenier\u00eda en edificaci\u00f3n en Alicante. Equipo t\u00e9cnico especializado en energ\u00eda, estructuras, CTE e informes profesionales.\" \/>\n<meta name=\"robots\" content=\"index, follow, max-snippet:-1, max-image-preview:large, max-video-preview:-1\" \/>\n<link rel=\"canonical\" href=\"https:\/\/aticoconsultoria.com\/en\/sobre-nosotros\/\" \/>\n<meta property=\"og:locale\" content=\"en_US\" \/>\n<meta property=\"og:type\" content=\"article\" \/>\n<meta property=\"og:title\" content=\"Sobre Nosotros | Consultor\u00eda de Ingenier\u00eda en Edificaci\u00f3n en Alicante\" \/>\n<meta property=\"og:description\" content=\"Conoce nuestra consultor\u00eda de ingenier\u00eda en edificaci\u00f3n en Alicante. Equipo t\u00e9cnico especializado en energ\u00eda, estructuras, CTE e informes profesionales.\" \/>\n<meta property=\"og:url\" content=\"https:\/\/aticoconsultoria.com\/en\/sobre-nosotros\/\" \/>\n<meta property=\"og:site_name\" content=\"Atico\" \/>\n<meta property=\"article:modified_time\" content=\"2025-12-19T08:59:06+00:00\" \/>\n<meta name=\"twitter:card\" content=\"summary_large_image\" \/>\n<script type=\"application\/ld+json\" class=\"yoast-schema-graph\">{\"@context\":\"https:\/\/schema.org\",\"@graph\":[{\"@type\":\"WebPage\",\"@id\":\"https:\/\/aticoconsultoria.com\/sobre-nosotros\/\",\"url\":\"https:\/\/aticoconsultoria.com\/sobre-nosotros\/\",\"name\":\"Sobre Nosotros | Consultor\u00eda de Ingenier\u00eda en Edificaci\u00f3n en Alicante\",\"isPartOf\":{\"@id\":\"https:\/\/aticoconsultoria.com\/#website\"},\"datePublished\":\"2025-12-17T15:53:53+00:00\",\"dateModified\":\"2025-12-19T08:59:06+00:00\",\"description\":\"Conoce nuestra consultor\u00eda de ingenier\u00eda en edificaci\u00f3n en Alicante. Equipo t\u00e9cnico especializado en energ\u00eda, estructuras, CTE e informes profesionales.\",\"breadcrumb\":{\"@id\":\"https:\/\/aticoconsultoria.com\/sobre-nosotros\/#breadcrumb\"},\"inLanguage\":\"en-US\",\"potentialAction\":[{\"@type\":\"ReadAction\",\"target\":[\"https:\/\/aticoconsultoria.com\/sobre-nosotros\/\"]}]},{\"@type\":\"BreadcrumbList\",\"@id\":\"https:\/\/aticoconsultoria.com\/sobre-nosotros\/#breadcrumb\",\"itemListElement\":[{\"@type\":\"ListItem\",\"position\":1,\"name\":\"Portada\",\"item\":\"https:\/\/aticoconsultoria.com\/\"},{\"@type\":\"ListItem\",\"position\":2,\"name\":\"Sobre Nosotros\"}]},{\"@type\":\"WebSite\",\"@id\":\"https:\/\/aticoconsultoria.com\/#website\",\"url\":\"https:\/\/aticoconsultoria.com\/\",\"name\":\"Atico\",\"description\":\"Consultor\u00eda de ingenier\u00eda\",\"potentialAction\":[{\"@type\":\"SearchAction\",\"target\":{\"@type\":\"EntryPoint\",\"urlTemplate\":\"https:\/\/aticoconsultoria.com\/?s={search_term_string}\"},\"query-input\":{\"@type\":\"PropertyValueSpecification\",\"valueRequired\":true,\"valueName\":\"search_term_string\"}}],\"inLanguage\":\"en-US\"}]}<\/script>\n<!-- \/ Yoast SEO plugin. -->","yoast_head_json":{"title":"Sobre Nosotros | Consultor\u00eda de Ingenier\u00eda en Edificaci\u00f3n en Alicante","description":"Conoce nuestra consultor\u00eda de ingenier\u00eda en edificaci\u00f3n en Alicante. Equipo t\u00e9cnico especializado en energ\u00eda, estructuras, CTE e informes profesionales.","robots":{"index":"index","follow":"follow","max-snippet":"max-snippet:-1","max-image-preview":"max-image-preview:large","max-video-preview":"max-video-preview:-1"},"canonical":"https:\/\/aticoconsultoria.com\/en\/sobre-nosotros\/","og_locale":"en_US","og_type":"article","og_title":"Sobre Nosotros | Consultor\u00eda de Ingenier\u00eda en Edificaci\u00f3n en Alicante","og_description":"Conoce nuestra consultor\u00eda de ingenier\u00eda en edificaci\u00f3n en Alicante. Equipo t\u00e9cnico especializado en energ\u00eda, estructuras, CTE e informes profesionales.","og_url":"https:\/\/aticoconsultoria.com\/en\/sobre-nosotros\/","og_site_name":"Atico","article_modified_time":"2025-12-19T08:59:06+00:00","twitter_card":"summary_large_image","schema":{"@context":"https:\/\/schema.org","@graph":[{"@type":"WebPage","@id":"https:\/\/aticoconsultoria.com\/sobre-nosotros\/","url":"https:\/\/aticoconsultoria.com\/sobre-nosotros\/","name":"Sobre Nosotros | Consultor\u00eda de Ingenier\u00eda en Edificaci\u00f3n en Alicante","isPartOf":{"@id":"https:\/\/aticoconsultoria.com\/#website"},"datePublished":"2025-12-17T15:53:53+00:00","dateModified":"2025-12-19T08:59:06+00:00","description":"Conoce nuestra consultor\u00eda de ingenier\u00eda en edificaci\u00f3n en Alicante. Equipo t\u00e9cnico especializado en energ\u00eda, estructuras, CTE e informes profesionales.","breadcrumb":{"@id":"https:\/\/aticoconsultoria.com\/sobre-nosotros\/#breadcrumb"},"inLanguage":"en-US","potentialAction":[{"@type":"ReadAction","target":["https:\/\/aticoconsultoria.com\/sobre-nosotros\/"]}]},{"@type":"BreadcrumbList","@id":"https:\/\/aticoconsultoria.com\/sobre-nosotros\/#breadcrumb","itemListElement":[{"@type":"ListItem","position":1,"name":"Portada","item":"https:\/\/aticoconsultoria.com\/"},{"@type":"ListItem","position":2,"name":"Sobre Nosotros"}]},{"@type":"WebSite","@id":"https:\/\/aticoconsultoria.com\/#website","url":"https:\/\/aticoconsultoria.com\/","name":"Atico","description":"Consultor\u00eda de ingenier\u00eda","potentialAction":[{"@type":"SearchAction","target":{"@type":"EntryPoint","urlTemplate":"https:\/\/aticoconsultoria.com\/?s={search_term_string}"},"query-input":{"@type":"PropertyValueSpecification","valueRequired":true,"valueName":"search_term_string"}}],"inLanguage":"en-US"}]}},"_links":{"self":[{"href":"https:\/\/aticoconsultoria.com\/en\/wp-json\/wp\/v2\/pages\/127","targetHints":{"allow":["GET"]}}],"collection":[{"href":"https:\/\/aticoconsultoria.com\/en\/wp-json\/wp\/v2\/pages"}],"about":[{"href":"https:\/\/aticoconsultoria.com\/en\/wp-json\/wp\/v2\/types\/page"}],"author":[{"embeddable":true,"href":"https:\/\/aticoconsultoria.com\/en\/wp-json\/wp\/v2\/users\/1"}],"replies":[{"embeddable":true,"href":"https:\/\/aticoconsultoria.com\/en\/wp-json\/wp\/v2\/comments?post=127"}],"version-history":[{"count":4,"href":"https:\/\/aticoconsultoria.com\/en\/wp-json\/wp\/v2\/pages\/127\/revisions"}],"predecessor-version":[{"id":179,"href":"https:\/\/aticoconsultoria.com\/en\/wp-json\/wp\/v2\/pages\/127\/revisions\/179"}],"wp:attachment":[{"href":"https:\/\/aticoconsultoria.com\/en\/wp-json\/wp\/v2\/media?parent=127"}],"curies":[{"name":"wp","href":"https:\/\/api.w.org\/{rel}","templated":true}]}}