{"id":116,"date":"2025-12-16T13:25:48","date_gmt":"2025-12-16T13:25:48","guid":{"rendered":"https:\/\/aticoconsultoria.com\/?page_id=116"},"modified":"2025-12-19T08:57:31","modified_gmt":"2025-12-19T08:57:31","slug":"contacto","status":"publish","type":"page","link":"https:\/\/aticoconsultoria.com\/en\/contacto\/","title":{"rendered":"Contact"},"content":{"rendered":"<div class=\"et_pb_section_0 et_pb_section et_section_regular et_block_section\">\n<div class=\"et_pb_row_0 et_pb_row et_pb_gutters3 et_block_row\">\n<div class=\"et_pb_column_0 et_pb_column et_pb_column_4_4 et-last-child et_block_column et_pb_css_mix_blend_mode_passthrough\">\n<div class=\"et_pb_text_0 et_pb_text et_pb_bg_layout_light et_pb_module et_block_module preset--module--divi-text--c16985e1-e0d6-4022-964d-e2bfc04fa633\"><div class=\"et_pb_text_inner\"><h1>Contacta con nosotros<\/h1>\n<\/div><\/div>\n<\/div>\n<\/div>\n\n<div class=\"et_pb_row_1 et_pb_row et_pb_equal_columns et_pb_gutters2 et_block_row\">\n<div class=\"et_pb_column_1 et_pb_column et_pb_column_2_3 et_block_column et_pb_css_mix_blend_mode_passthrough\">\n<div class=\"et_pb_text_1 et_pb_text et_pb_bg_layout_light et_pb_module et_block_module preset--module--divi-text--4827deed-2a92-4d97-a22f-f01067ae6873\"><div class=\"et_pb_text_inner\"><h4>Direcci\u00f3n<\/h4>\n<\/div><\/div>\n\n<div class=\"et_pb_text_2 et_pb_text et_pb_bg_layout_light et_pb_module et_block_module preset--module--divi-text--aaa7c440-590a-4078-ae0c-0f3c699ac51c\"><div class=\"et_pb_text_inner\"><h3>Avenida Deportista Miriam Blasco 18B 4 4B ,03540 Alicante<\/h3>\n<\/div><\/div>\n<\/div>\n\n<div class=\"et_pb_column_2 et_pb_column et_pb_column_1_3 et-last-child et_block_column et_pb_css_mix_blend_mode_passthrough\">\n<div class=\"et_pb_text_3 et_pb_text et_pb_bg_layout_light et_pb_module et_block_module preset--module--divi-text--4827deed-2a92-4d97-a22f-f01067ae6873\"><div class=\"et_pb_text_inner\"><h4>Tel\u00e9fono<\/h4>\n<\/div><\/div>\n\n<div class=\"et_pb_text_4 et_pb_text et_pb_bg_layout_light et_pb_module et_block_module preset--module--divi-text--aaa7c440-590a-4078-ae0c-0f3c699ac51c\"><div class=\"et_pb_text_inner\"><h3><a href=\"callto:+34676992932\">+34  676 992 932<\/a><\/h3>\n<\/div><\/div>\n<\/div>\n<\/div>\n\n<div class=\"et_pb_row_2 et_pb_row et_pb_equal_columns et_pb_gutters2 et_block_row\">\n<div class=\"et_pb_column_3 et_pb_column et_pb_column_1_3 et_block_column et_pb_css_mix_blend_mode_passthrough\">\n<div class=\"et_pb_image_0 et_pb_image et_pb_module et_flex_module\"><span class=\"et_pb_image_wrap\"><img loading=\"lazy\" decoding=\"async\" src=\"https:\/\/aticoconsultoria.com\/wp-content\/uploads\/2025\/12\/logo-atico-white.png\" title=\"logo-attic-white\" width=\"266\" height=\"94\" sizes=\"(max-width: 266px) 100vw, 266px\" class=\"wp-image-97\" \/><\/span><\/div>\n<\/div>\n\n<div class=\"et_pb_column_4 et_pb_column et_pb_column_2_3 et-last-child et_block_column et_pb_css_mix_blend_mode_passthrough\">\n<div class=\"et_pb_text_5 et_pb_text et_pb_bg_layout_light et_pb_module et_block_module preset--module--divi-text--aaa7c440-590a-4078-ae0c-0f3c699ac51c\"><div class=\"et_pb_text_inner\"><h3><a href=\"mailto:aticoconsultoria@gmail.com\">aticoconsultoria@gmail.com<\/a><\/h3>\n<\/div><\/div>\n\n<div class=\"et_pb_contact_form_0 et_pb_contact_form_container clearfix et_pb_module et_flex_module preset--module--divi-contact-form--5e3e188f-e30c-4fb5-a14e-87f877a4619f\" data-form_unique_num=\"0\" data-form_unique_id=\"c9f3a70a-7d0f-4b71-9711-babd1f07f760\" id=\"et_pb_contact_form_0\"><div class=\"et-pb-contact-message\"><\/div><div class=\"et_pb_contact\"><form class=\"et_pb_contact_form et_flex_module\" method=\"post\" action=\"https:\/\/aticoconsultoria.com\/en\/wp-json\/wp\/v2\/pages\/116\" data-trp-original-action=\"https:\/\/aticoconsultoria.com\/en\/wp-json\/wp\/v2\/pages\/116\">\n<div class=\"et_pb_contact_field_0 et_pb_contact_field et_pb_module et_flex_module et_flex_column_24_24\" data-id=\"name\" data-type=\"input\"><label class=\"et_pb_contact_form_label\">Nombre<\/label><input type=\"text\" name=\"et_pb_contact_0_name_0\" id=\"et_pb_contact_0_name_0\" class=\"input\" data-required_mark=\"required\" data-field_type=\"input\" data-original_id=\"name\" placeholder=\"Nombre\" title=\"\" value=\"\" \/><\/div>\n\n<div class=\"et_pb_contact_field_1 et_pb_contact_field et_pb_module et_flex_module et_flex_column_24_24\" data-id=\"email\" data-type=\"email\"><label class=\"et_pb_contact_form_label\">Correo Electr\u00f3nico<\/label><input type=\"text\" name=\"et_pb_contact_0_email_1\" id=\"et_pb_contact_0_email_1\" class=\"input\" data-required_mark=\"required\" data-field_type=\"email\" data-original_id=\"email\" placeholder=\"Correo Electr\u00f3nico\" title=\"\" value=\"\" \/><\/div>\n\n<div class=\"et_pb_contact_field_2 et_pb_contact_field et_pb_module et_flex_module et_flex_column_24_24\" data-id=\"message\" data-type=\"text\"><label class=\"et_pb_contact_form_label\">Mensaje<\/label><textarea name=\"et_pb_contact_0_message_2\" id=\"et_pb_contact_0_message_2\" class=\"et_pb_contact_message input\" data-required_mark=\"required\" data-field_type=\"text\" data-original_id=\"message\" placeholder=\"Mensaje\"><\/textarea><\/div>\n<input type=\"hidden\" name=\"et_pb_contactform_submit_0\" value=\"et_contact_proccess\" \/><div class=\"et_contact_bottom_container\"><div class=\"et_pb_button_wrapper\"><button type=\"submit\" name=\"et_builder_submit_button\" class=\"et_pb_button et_pb_contact_submit\">Enviar<\/button><\/div><\/div><input type=\"hidden\" id=\"_wpnonce-et-pb-contact-form-submitted-0\" name=\"_wpnonce-et-pb-contact-form-submitted-0\" value=\"86cfe3ec5e\" \/><input type=\"hidden\" name=\"_wp_http_referer\" value=\"\/en\/wp-json\/wp\/v2\/pages\/116\" \/><input type=\"hidden\" name=\"trp-form-language\" value=\"en\"\/><\/form><\/div><\/div>\n<\/div>\n<\/div>\n<\/div>\n\n<div class=\"et_pb_section_1 et_pb_section et_section_regular et_block_section\">\n<div class=\"et_pb_row_3 et_pb_row et_pb_gutters3 et_block_row\">\n<div class=\"et_pb_column_5 et_pb_column et_pb_column_4_4 et-last-child et_block_column et_pb_css_mix_blend_mode_passthrough\">\n<div class=\"et_pb_code_0 et_pb_code et_pb_module\"><div class=\"et_pb_code_inner\"><iframe src=\"https:\/\/www.google.com\/maps\/embed?pb=!1m18!1m12!1m3!1d1860.0020977650483!2d-0.435015749674605!3d38.36892445149823!2m3!1f0!2f0!3f0!3m2!1i1024!2i768!4f13.1!3m3!1m2!1s0xd6239c618936be3%3A0x928b0e762cf27dd4!2sAv.%20Esportista%20Miriam%20Blasco%2C%2018b%2C%204%204b%2C%2003540%20Alacant!5e0!3m2!1ses!2ses!4v1765896924426!5m2!1ses!2ses\" width=\"100%\" height=\"450\" style=\"border:0;\" allowfullscreen=\"\" loading=\"lazy\" referrerpolicy=\"no-referrer-when-downgrade\"><\/iframe><\/div><\/div>\n<\/div>\n<\/div>\n<\/div>","protected":false},"excerpt":{"rendered":"","protected":false},"author":1,"featured_media":0,"parent":0,"menu_order":0,"comment_status":"closed","ping_status":"closed","template":"","meta":{"footnotes":""},"class_list":["post-116","page","type-page","status-publish","hentry"],"yoast_head":"<!-- This site is optimized with the Yoast SEO plugin v26.6 - https:\/\/yoast.com\/wordpress\/plugins\/seo\/ -->\n<title>Contacto | Consultor\u00eda de Ingenier\u00eda en Edificaci\u00f3n en Alicante<\/title>\n<meta name=\"description\" content=\"Contacta con nuestra consultor\u00eda de ingenier\u00eda en Alicante. Asesoramiento t\u00e9cnico en edificaci\u00f3n, energ\u00eda, estructuras, CTE e informes especializados.\" \/>\n<meta name=\"robots\" content=\"index, follow, max-snippet:-1, max-image-preview:large, max-video-preview:-1\" \/>\n<link rel=\"canonical\" href=\"https:\/\/aticoconsultoria.com\/en\/contacto\/\" \/>\n<meta property=\"og:locale\" content=\"en_US\" \/>\n<meta property=\"og:type\" content=\"article\" \/>\n<meta property=\"og:title\" content=\"Contacto | Consultor\u00eda de Ingenier\u00eda en Edificaci\u00f3n en Alicante\" \/>\n<meta property=\"og:description\" content=\"Contacta con nuestra consultor\u00eda de ingenier\u00eda en Alicante. Asesoramiento t\u00e9cnico en edificaci\u00f3n, energ\u00eda, estructuras, CTE e informes especializados.\" \/>\n<meta property=\"og:url\" content=\"https:\/\/aticoconsultoria.com\/en\/contacto\/\" \/>\n<meta property=\"og:site_name\" content=\"Atico\" \/>\n<meta property=\"article:modified_time\" content=\"2025-12-19T08:57:31+00:00\" \/>\n<meta name=\"twitter:card\" content=\"summary_large_image\" \/>\n<script type=\"application\/ld+json\" class=\"yoast-schema-graph\">{\"@context\":\"https:\/\/schema.org\",\"@graph\":[{\"@type\":\"WebPage\",\"@id\":\"https:\/\/aticoconsultoria.com\/contacto\/\",\"url\":\"https:\/\/aticoconsultoria.com\/contacto\/\",\"name\":\"Contacto | Consultor\u00eda de Ingenier\u00eda en Edificaci\u00f3n en Alicante\",\"isPartOf\":{\"@id\":\"https:\/\/aticoconsultoria.com\/#website\"},\"datePublished\":\"2025-12-16T13:25:48+00:00\",\"dateModified\":\"2025-12-19T08:57:31+00:00\",\"description\":\"Contacta con nuestra consultor\u00eda de ingenier\u00eda en Alicante. Asesoramiento t\u00e9cnico en edificaci\u00f3n, energ\u00eda, estructuras, CTE e informes especializados.\",\"breadcrumb\":{\"@id\":\"https:\/\/aticoconsultoria.com\/contacto\/#breadcrumb\"},\"inLanguage\":\"en-US\",\"potentialAction\":[{\"@type\":\"ReadAction\",\"target\":[\"https:\/\/aticoconsultoria.com\/contacto\/\"]}]},{\"@type\":\"BreadcrumbList\",\"@id\":\"https:\/\/aticoconsultoria.com\/contacto\/#breadcrumb\",\"itemListElement\":[{\"@type\":\"ListItem\",\"position\":1,\"name\":\"Portada\",\"item\":\"https:\/\/aticoconsultoria.com\/\"},{\"@type\":\"ListItem\",\"position\":2,\"name\":\"Contacto\"}]},{\"@type\":\"WebSite\",\"@id\":\"https:\/\/aticoconsultoria.com\/#website\",\"url\":\"https:\/\/aticoconsultoria.com\/\",\"name\":\"Atico\",\"description\":\"Consultor\u00eda de ingenier\u00eda\",\"potentialAction\":[{\"@type\":\"SearchAction\",\"target\":{\"@type\":\"EntryPoint\",\"urlTemplate\":\"https:\/\/aticoconsultoria.com\/?s={search_term_string}\"},\"query-input\":{\"@type\":\"PropertyValueSpecification\",\"valueRequired\":true,\"valueName\":\"search_term_string\"}}],\"inLanguage\":\"en-US\"}]}<\/script>\n<!-- \/ Yoast SEO plugin. -->","yoast_head_json":{"title":"Contacto | Consultor\u00eda de Ingenier\u00eda en Edificaci\u00f3n en Alicante","description":"Contacta con nuestra consultor\u00eda de ingenier\u00eda en Alicante. Asesoramiento t\u00e9cnico en edificaci\u00f3n, energ\u00eda, estructuras, CTE e informes especializados.","robots":{"index":"index","follow":"follow","max-snippet":"max-snippet:-1","max-image-preview":"max-image-preview:large","max-video-preview":"max-video-preview:-1"},"canonical":"https:\/\/aticoconsultoria.com\/en\/contacto\/","og_locale":"en_US","og_type":"article","og_title":"Contacto | Consultor\u00eda de Ingenier\u00eda en Edificaci\u00f3n en Alicante","og_description":"Contacta con nuestra consultor\u00eda de ingenier\u00eda en Alicante. Asesoramiento t\u00e9cnico en edificaci\u00f3n, energ\u00eda, estructuras, CTE e informes especializados.","og_url":"https:\/\/aticoconsultoria.com\/en\/contacto\/","og_site_name":"Atico","article_modified_time":"2025-12-19T08:57:31+00:00","twitter_card":"summary_large_image","schema":{"@context":"https:\/\/schema.org","@graph":[{"@type":"WebPage","@id":"https:\/\/aticoconsultoria.com\/contacto\/","url":"https:\/\/aticoconsultoria.com\/contacto\/","name":"Contacto | Consultor\u00eda de Ingenier\u00eda en Edificaci\u00f3n en Alicante","isPartOf":{"@id":"https:\/\/aticoconsultoria.com\/#website"},"datePublished":"2025-12-16T13:25:48+00:00","dateModified":"2025-12-19T08:57:31+00:00","description":"Contacta con nuestra consultor\u00eda de ingenier\u00eda en Alicante. Asesoramiento t\u00e9cnico en edificaci\u00f3n, energ\u00eda, estructuras, CTE e informes especializados.","breadcrumb":{"@id":"https:\/\/aticoconsultoria.com\/contacto\/#breadcrumb"},"inLanguage":"en-US","potentialAction":[{"@type":"ReadAction","target":["https:\/\/aticoconsultoria.com\/contacto\/"]}]},{"@type":"BreadcrumbList","@id":"https:\/\/aticoconsultoria.com\/contacto\/#breadcrumb","itemListElement":[{"@type":"ListItem","position":1,"name":"Portada","item":"https:\/\/aticoconsultoria.com\/"},{"@type":"ListItem","position":2,"name":"Contacto"}]},{"@type":"WebSite","@id":"https:\/\/aticoconsultoria.com\/#website","url":"https:\/\/aticoconsultoria.com\/","name":"Atico","description":"Consultor\u00eda de ingenier\u00eda","potentialAction":[{"@type":"SearchAction","target":{"@type":"EntryPoint","urlTemplate":"https:\/\/aticoconsultoria.com\/?s={search_term_string}"},"query-input":{"@type":"PropertyValueSpecification","valueRequired":true,"valueName":"search_term_string"}}],"inLanguage":"en-US"}]}},"_links":{"self":[{"href":"https:\/\/aticoconsultoria.com\/en\/wp-json\/wp\/v2\/pages\/116","targetHints":{"allow":["GET"]}}],"collection":[{"href":"https:\/\/aticoconsultoria.com\/en\/wp-json\/wp\/v2\/pages"}],"about":[{"href":"https:\/\/aticoconsultoria.com\/en\/wp-json\/wp\/v2\/types\/page"}],"author":[{"embeddable":true,"href":"https:\/\/aticoconsultoria.com\/en\/wp-json\/wp\/v2\/users\/1"}],"replies":[{"embeddable":true,"href":"https:\/\/aticoconsultoria.com\/en\/wp-json\/wp\/v2\/comments?post=116"}],"version-history":[{"count":9,"href":"https:\/\/aticoconsultoria.com\/en\/wp-json\/wp\/v2\/pages\/116\/revisions"}],"predecessor-version":[{"id":125,"href":"https:\/\/aticoconsultoria.com\/en\/wp-json\/wp\/v2\/pages\/116\/revisions\/125"}],"wp:attachment":[{"href":"https:\/\/aticoconsultoria.com\/en\/wp-json\/wp\/v2\/media?parent=116"}],"curies":[{"name":"wp","href":"https:\/\/api.w.org\/{rel}","templated":true}]}}